{"id":960,"date":"2014-09-18T10:59:28","date_gmt":"2014-09-18T08:59:28","guid":{"rendered":"http:\/\/www.autofficinalorenzoni.it\/?page_id=960"},"modified":"2014-09-18T10:59:28","modified_gmt":"2014-09-18T08:59:28","slug":"vredestein-classico-snow-classic","status":"publish","type":"page","link":"https:\/\/www.autofficinalorenzoni.it\/index.php\/gommista\/vettura\/vredestein\/vredestein-vettura-classico\/vredestein-classico-snow-classic\/","title":{"rendered":"VREDESTEIN &#8211; Classico &#8211; SNOW CLASSIC"},"content":{"rendered":"<p><a href=\"http:\/\/www.autofficinalorenzoni.it\/wp-content\/uploads\/2014\/09\/Snow-Classic.png\"><img loading=\"lazy\" class=\"alignleft size-full wp-image-938\" src=\"http:\/\/www.autofficinalorenzoni.it\/wp-content\/uploads\/2014\/09\/Snow-Classic.png\" alt=\"Snow Classic\" width=\"235\" height=\"243\" \/><\/a><\/p>\n<p>&nbsp;<\/p>\n<p>&nbsp;<\/p>\n<p>&nbsp;<\/p>\n<p>&nbsp;<\/p>\n<p>&nbsp;<\/p>\n<p style=\"text-align: justify;\"><span id=\"d_MainSidebar1_LabelIntroContent\">Per evitare eventuali rischi derivanti dall&#8217;uso di pneumatici estivi durante l&#8217;inverno, Vredestein ha sviluppato uno pneumatico invernale speciale per il segmento di clientela classico. La speciale mescola in gomma rende lo pneumatico pi\u00f9 sicuro a temperature inferiori a 7\u00b0C e gli conferisce una maggiore tenuta e trazione su terreni gelati o innevati, riducendo il rischio di aquaplaning. Aumentando la sicurezza proprio quando serve, Snow Classic coniuga uno stile classico con un battistrada esclusivo nella costruzione e nella mescola utilizzata, realizzato avvalendosi delle pi\u00f9 innovative tecnologie. Il design dello pneumatico, inoltre, consente di aggiungere con facilit\u00e0 dei chiodi per ottenere una tenuta extra. Per una reale tranquillit\u00e0 durante l&#8217;inverno, montate sulla vostra autovettura pneumatici Snow Classi<\/span><\/p>\n","protected":false},"excerpt":{"rendered":"<p>&nbsp; &nbsp; &nbsp; &nbsp; &nbsp; Per evitare eventuali rischi derivanti dall&#8217;uso di pneumatici estivi durante l&#8217;inverno, Vredestein ha sviluppato uno pneumatico invernale speciale per il segmento di clientela classico. La speciale mescola in gomma rende lo pneumatico pi\u00f9 sicuro a <a class=\"more-link\" href=\"https:\/\/www.autofficinalorenzoni.it\/index.php\/gommista\/vettura\/vredestein\/vredestein-vettura-classico\/vredestein-classico-snow-classic\/\">Continua a leggere  <span class=\"screen-reader-text\">  VREDESTEIN &#8211; Classico &#8211; SNOW CLASSIC<\/span><span class=\"meta-nav\">&rarr;<\/span><\/a><\/p>\n","protected":false},"author":1,"featured_media":0,"parent":808,"menu_order":0,"comment_status":"open","ping_status":"open","template":"page-fullwidth.php","meta":[],"_links":{"self":[{"href":"https:\/\/www.autofficinalorenzoni.it\/index.php\/wp-json\/wp\/v2\/pages\/960"}],"collection":[{"href":"https:\/\/www.autofficinalorenzoni.it\/index.php\/wp-json\/wp\/v2\/pages"}],"about":[{"href":"https:\/\/www.autofficinalorenzoni.it\/index.php\/wp-json\/wp\/v2\/types\/page"}],"author":[{"embeddable":true,"href":"https:\/\/www.autofficinalorenzoni.it\/index.php\/wp-json\/wp\/v2\/users\/1"}],"replies":[{"embeddable":true,"href":"https:\/\/www.autofficinalorenzoni.it\/index.php\/wp-json\/wp\/v2\/comments?post=960"}],"version-history":[{"count":1,"href":"https:\/\/www.autofficinalorenzoni.it\/index.php\/wp-json\/wp\/v2\/pages\/960\/revisions"}],"predecessor-version":[{"id":961,"href":"https:\/\/www.autofficinalorenzoni.it\/index.php\/wp-json\/wp\/v2\/pages\/960\/revisions\/961"}],"up":[{"embeddable":true,"href":"https:\/\/www.autofficinalorenzoni.it\/index.php\/wp-json\/wp\/v2\/pages\/808"}],"wp:attachment":[{"href":"https:\/\/www.autofficinalorenzoni.it\/index.php\/wp-json\/wp\/v2\/media?parent=960"}],"curies":[{"name":"wp","href":"https:\/\/api.w.org\/{rel}","templated":true}]}}