{"id":927,"date":"2014-09-17T18:57:00","date_gmt":"2014-09-17T16:57:00","guid":{"rendered":"http:\/\/www.autofficinalorenzoni.it\/?page_id=927"},"modified":"2014-09-17T18:57:00","modified_gmt":"2014-09-17T16:57:00","slug":"vredestein-all-season-quatrac-3-suv","status":"publish","type":"page","link":"https:\/\/www.autofficinalorenzoni.it\/index.php\/gommista\/vettura\/vredestein\/vredestein-vetture-all-season\/vredestein-vettura-all-season\/vredestein-all-season-quatrac-3-suv\/","title":{"rendered":"VREDESTEIN &#8211; All season &#8211; QUATRAC 3 SUV"},"content":{"rendered":"<p><a href=\"http:\/\/www.autofficinalorenzoni.it\/wp-content\/uploads\/2014\/09\/Quatrac-3-SUV.png\"><img loading=\"lazy\" class=\"alignleft size-full wp-image-913\" src=\"http:\/\/www.autofficinalorenzoni.it\/wp-content\/uploads\/2014\/09\/Quatrac-3-SUV.png\" alt=\"Quatrac 3 SUV\" width=\"235\" height=\"243\" \/><\/a><\/p>\n<p>&nbsp;<\/p>\n<p>&nbsp;<\/p>\n<p>&nbsp;<\/p>\n<p>&nbsp;<\/p>\n<p>&nbsp;<\/p>\n<p style=\"text-align: justify;\"><span id=\"d_MainSidebar1_LabelIntroContent\">Basato sui punti di forza del Quatrac 3, il Quatrac 3 SUV ha un battistrada molto largo che assicura una migliore tenuta di strada e una maggiore stabilit\u00e0, a tutto vantaggio del comfort. Grazie ai due strati di tele di nylon della carcassa e alla cintura eccezionalmente resistente, il pneumatico presenta una capacit\u00e0 di carico pi\u00f9 elevata, ed \u00e8 quindi molto indicato sui SUV pi\u00f9 pesanti. Il pneumatico offre eccellenti caratteristiche di maneggevolezza sia su fondo asciutto che bagnato. \u00c8 un pneumatico \u201cquattro stagioni\u201d per SUV, con un\u2019ottima aderenza e un\u2019elevatacapacit\u00e0 di carico, per l\u2019uso su terreno duro e in qualsiasi condizione di tempo. <\/span><\/p>\n","protected":false},"excerpt":{"rendered":"<p>&nbsp; &nbsp; &nbsp; &nbsp; &nbsp; Basato sui punti di forza del Quatrac 3, il Quatrac 3 SUV ha un battistrada molto largo che assicura una migliore tenuta di strada e una maggiore stabilit\u00e0, a tutto vantaggio del comfort. Grazie ai <a class=\"more-link\" href=\"https:\/\/www.autofficinalorenzoni.it\/index.php\/gommista\/vettura\/vredestein\/vredestein-vetture-all-season\/vredestein-vettura-all-season\/vredestein-all-season-quatrac-3-suv\/\">Continua a leggere  <span class=\"screen-reader-text\">  VREDESTEIN &#8211; All season &#8211; QUATRAC 3 SUV<\/span><span class=\"meta-nav\">&rarr;<\/span><\/a><\/p>\n","protected":false},"author":1,"featured_media":0,"parent":805,"menu_order":0,"comment_status":"open","ping_status":"open","template":"page-fullwidth.php","meta":[],"_links":{"self":[{"href":"https:\/\/www.autofficinalorenzoni.it\/index.php\/wp-json\/wp\/v2\/pages\/927"}],"collection":[{"href":"https:\/\/www.autofficinalorenzoni.it\/index.php\/wp-json\/wp\/v2\/pages"}],"about":[{"href":"https:\/\/www.autofficinalorenzoni.it\/index.php\/wp-json\/wp\/v2\/types\/page"}],"author":[{"embeddable":true,"href":"https:\/\/www.autofficinalorenzoni.it\/index.php\/wp-json\/wp\/v2\/users\/1"}],"replies":[{"embeddable":true,"href":"https:\/\/www.autofficinalorenzoni.it\/index.php\/wp-json\/wp\/v2\/comments?post=927"}],"version-history":[{"count":1,"href":"https:\/\/www.autofficinalorenzoni.it\/index.php\/wp-json\/wp\/v2\/pages\/927\/revisions"}],"predecessor-version":[{"id":928,"href":"https:\/\/www.autofficinalorenzoni.it\/index.php\/wp-json\/wp\/v2\/pages\/927\/revisions\/928"}],"up":[{"embeddable":true,"href":"https:\/\/www.autofficinalorenzoni.it\/index.php\/wp-json\/wp\/v2\/pages\/805"}],"wp:attachment":[{"href":"https:\/\/www.autofficinalorenzoni.it\/index.php\/wp-json\/wp\/v2\/media?parent=927"}],"curies":[{"name":"wp","href":"https:\/\/api.w.org\/{rel}","templated":true}]}}