{"id":730,"date":"2014-09-16T12:47:56","date_gmt":"2014-09-16T10:47:56","guid":{"rendered":"http:\/\/www.autofficinalorenzoni.it\/?page_id=730"},"modified":"2014-09-16T12:47:56","modified_gmt":"2014-09-16T10:47:56","slug":"gt-radial-champiro-wt-ax","status":"publish","type":"page","link":"https:\/\/www.autofficinalorenzoni.it\/index.php\/gommista\/vettura\/gt-radial\/auto-suv\/gt-radial-champiro-wt-ax\/","title":{"rendered":"GT RADIAL &#8211; CHAMPIRO WT-AX"},"content":{"rendered":"<p><a href=\"http:\/\/www.autofficinalorenzoni.it\/wp-content\/uploads\/2014\/09\/Champiro-WT-AX.png\"><img loading=\"lazy\" class=\"alignleft size-full wp-image-731\" src=\"http:\/\/www.autofficinalorenzoni.it\/wp-content\/uploads\/2014\/09\/Champiro-WT-AX.png\" alt=\"Champiro WT-AX\" width=\"200\" height=\"280\" \/><\/a><\/p>\n<table border=\"0\" width=\"460\" cellspacing=\"0\" cellpadding=\"0\" align=\"center\">\n<tbody>\n<tr>\n<td class=\"content\" width=\"220\"><span style=\"font-size: medium;\"><b>Caratteristiche<\/b><\/span><\/td>\n<td width=\"20\"><\/td>\n<td class=\"content\" width=\"220\"><span style=\"font-size: medium;\"><b>Vantaggi<\/b><\/span><\/td>\n<\/tr>\n<\/tbody>\n<\/table>\n<table border=\"0\" width=\"460\" cellspacing=\"0\" cellpadding=\"0\" align=\"center\">\n<tbody>\n<tr>\n<td class=\"content\" valign=\"top\" width=\"220\">Mescola ricca di silice<\/td>\n<td align=\"center\" valign=\"top\" width=\"20\"><img src=\"http:\/\/www.gtradial.it\/Tcatalogue\/images\/arrowB.gif\" alt=\"\" border=\"0\" \/><\/td>\n<td class=\"content\" valign=\"top\" width=\"220\">Massima trazione sul bagnato, con ridotta resistenza al rotolamento<\/td>\n<\/tr>\n<tr>\n<td colspan=\"3\" height=\"10\"><\/td>\n<\/tr>\n<tr>\n<td class=\"content\" valign=\"top\" width=\"220\">Nervatura centrale<\/td>\n<td align=\"center\" valign=\"top\" width=\"20\"><img src=\"http:\/\/www.gtradial.it\/Tcatalogue\/images\/arrowB.gif\" alt=\"\" border=\"0\" \/><\/td>\n<td class=\"content\" valign=\"top\" width=\"220\">Rigidit\u00e0 ottimale per una precisa manovrabilit\u00e0<\/td>\n<\/tr>\n<tr>\n<td colspan=\"3\" height=\"10\"><\/td>\n<\/tr>\n<tr>\n<td class=\"content\" valign=\"top\" width=\"220\">Innovativo disegno asimmetrico del battistrada<\/td>\n<td align=\"center\" valign=\"top\" width=\"20\"><img src=\"http:\/\/www.gtradial.it\/Tcatalogue\/images\/arrowB.gif\" alt=\"\" border=\"0\" \/><\/td>\n<td class=\"content\" valign=\"top\" width=\"220\">Stabilit\u00e0 e capacit\u00e0 di frenata eccezionali, con un grande comfort di guida<\/td>\n<\/tr>\n<tr>\n<td colspan=\"3\" height=\"10\"><\/td>\n<\/tr>\n<tr>\n<td class=\"content\" valign=\"top\" width=\"220\">Intricato disegno delle nervature<\/td>\n<td align=\"center\" valign=\"top\" width=\"20\"><img src=\"http:\/\/www.gtradial.it\/Tcatalogue\/images\/arrowB.gif\" alt=\"\" border=\"0\" \/><\/td>\n<td class=\"content\" valign=\"top\" width=\"220\">Assicura eccellenti capacit\u00e0 di frenata e trazione su neve e ghiaccio<\/td>\n<\/tr>\n<\/tbody>\n<\/table>\n<p>&nbsp;<\/p>\n","protected":false},"excerpt":{"rendered":"<p>Caratteristiche Vantaggi Mescola ricca di silice Massima trazione sul bagnato, con ridotta resistenza al rotolamento Nervatura centrale Rigidit\u00e0 ottimale per una precisa manovrabilit\u00e0 Innovativo disegno asimmetrico del battistrada Stabilit\u00e0 e capacit\u00e0 di frenata eccezionali, con un grande comfort di guida <a class=\"more-link\" href=\"https:\/\/www.autofficinalorenzoni.it\/index.php\/gommista\/vettura\/gt-radial\/auto-suv\/gt-radial-champiro-wt-ax\/\">Continua a leggere  <span class=\"screen-reader-text\">  GT RADIAL &#8211; CHAMPIRO WT-AX<\/span><span class=\"meta-nav\">&rarr;<\/span><\/a><\/p>\n","protected":false},"author":1,"featured_media":0,"parent":180,"menu_order":0,"comment_status":"open","ping_status":"open","template":"page-fullwidth.php","meta":[],"_links":{"self":[{"href":"https:\/\/www.autofficinalorenzoni.it\/index.php\/wp-json\/wp\/v2\/pages\/730"}],"collection":[{"href":"https:\/\/www.autofficinalorenzoni.it\/index.php\/wp-json\/wp\/v2\/pages"}],"about":[{"href":"https:\/\/www.autofficinalorenzoni.it\/index.php\/wp-json\/wp\/v2\/types\/page"}],"author":[{"embeddable":true,"href":"https:\/\/www.autofficinalorenzoni.it\/index.php\/wp-json\/wp\/v2\/users\/1"}],"replies":[{"embeddable":true,"href":"https:\/\/www.autofficinalorenzoni.it\/index.php\/wp-json\/wp\/v2\/comments?post=730"}],"version-history":[{"count":1,"href":"https:\/\/www.autofficinalorenzoni.it\/index.php\/wp-json\/wp\/v2\/pages\/730\/revisions"}],"predecessor-version":[{"id":732,"href":"https:\/\/www.autofficinalorenzoni.it\/index.php\/wp-json\/wp\/v2\/pages\/730\/revisions\/732"}],"up":[{"embeddable":true,"href":"https:\/\/www.autofficinalorenzoni.it\/index.php\/wp-json\/wp\/v2\/pages\/180"}],"wp:attachment":[{"href":"https:\/\/www.autofficinalorenzoni.it\/index.php\/wp-json\/wp\/v2\/media?parent=730"}],"curies":[{"name":"wp","href":"https:\/\/api.w.org\/{rel}","templated":true}]}}