{"id":476,"date":"2014-06-23T18:51:42","date_gmt":"2014-06-23T16:51:42","guid":{"rendered":"http:\/\/www.autofficinalorenzoni.it\/?page_id=476"},"modified":"2014-06-23T19:09:19","modified_gmt":"2014-06-23T17:09:19","slug":"geolandar-ht-s","status":"publish","type":"page","link":"https:\/\/www.autofficinalorenzoni.it\/index.php\/gommista\/vettura\/yokohama\/suv-e-4x4\/geolandar-ht-s\/","title":{"rendered":"Yokohama &#8211; GEOLANDAR H\/T-S"},"content":{"rendered":"<p><a href=\"http:\/\/www.autofficinalorenzoni.it\/wp-content\/uploads\/2014\/05\/GEOLANDAR_HT-S_.jpg\"><img loading=\"lazy\" class=\"aligncenter wp-image-475 size-medium\" src=\"http:\/\/www.autofficinalorenzoni.it\/wp-content\/uploads\/2014\/05\/GEOLANDAR_HT-S_-300x260.jpg\" alt=\"GEOLANDAR_HT-S_\" width=\"300\" height=\"260\" srcset=\"https:\/\/www.autofficinalorenzoni.it\/wp-content\/uploads\/2014\/05\/GEOLANDAR_HT-S_-300x260.jpg 300w, https:\/\/www.autofficinalorenzoni.it\/wp-content\/uploads\/2014\/05\/GEOLANDAR_HT-S_-1024x890.jpg 1024w, https:\/\/www.autofficinalorenzoni.it\/wp-content\/uploads\/2014\/05\/GEOLANDAR_HT-S_.jpg 1380w\" sizes=\"(max-width: 300px) 100vw, 300px\" \/><\/a><\/p>\n<div class=\"copy\">\n<h2>Applicazioni<\/h2>\n<ul>\n<li>SUV<\/li>\n<li>4&#215;4<\/li>\n<\/ul>\n<h2>Vantaggi<\/h2>\n<ul>\n<li>Buon comfort e silenziosit\u00e0 di marcia<\/li>\n<li>Lunghi chilometraggi, usura regolare<\/li>\n<li>Eccellenti doti di maneggevolezza e frenata su strada<\/li>\n<\/ul>\n<h2>Caratteristica<\/h2>\n<ul>\n<li>Mescola unica, in grado di offrire grande trazione su bagnato e grandi chilometraggi<\/li>\n<li>Ampie scanalature longitudinali gemelle, scolpiture trasversali multiple<\/li>\n<li>Tasselli con forma ottimizzata, ampi tasselli sulle spalle<\/li>\n<li>GEOLANDAR H\/T-S \u00e8 uno pneumatico premium per SUV in grado di determinare un nuovo standard per la guida su strada. Non importa se state guidando in citt\u00e0 o in autostrada: questo pneumatico \u00e8 proprio ci\u00f2 che avete sempre cercato. Studiato per offrire manovrabilit\u00e0, comfort e chilometraggio eccezionali, il GEOLANDAR H\/T-S ti offre una sicurezza e un piacere di guida che non credevi possibili.<\/li>\n<\/ul>\n<\/div>\n","protected":false},"excerpt":{"rendered":"<p>Applicazioni SUV 4&#215;4 Vantaggi Buon comfort e silenziosit\u00e0 di marcia Lunghi chilometraggi, usura regolare Eccellenti doti di maneggevolezza e frenata su strada Caratteristica Mescola unica, in grado di offrire grande trazione su bagnato e grandi chilometraggi Ampie scanalature longitudinali gemelle, <a class=\"more-link\" href=\"https:\/\/www.autofficinalorenzoni.it\/index.php\/gommista\/vettura\/yokohama\/suv-e-4x4\/geolandar-ht-s\/\">Continua a leggere  <span class=\"screen-reader-text\">  Yokohama &#8211; GEOLANDAR H\/T-S<\/span><span class=\"meta-nav\">&rarr;<\/span><\/a><\/p>\n","protected":false},"author":1,"featured_media":0,"parent":176,"menu_order":0,"comment_status":"open","ping_status":"closed","template":"page-fullwidth.php","meta":[],"_links":{"self":[{"href":"https:\/\/www.autofficinalorenzoni.it\/index.php\/wp-json\/wp\/v2\/pages\/476"}],"collection":[{"href":"https:\/\/www.autofficinalorenzoni.it\/index.php\/wp-json\/wp\/v2\/pages"}],"about":[{"href":"https:\/\/www.autofficinalorenzoni.it\/index.php\/wp-json\/wp\/v2\/types\/page"}],"author":[{"embeddable":true,"href":"https:\/\/www.autofficinalorenzoni.it\/index.php\/wp-json\/wp\/v2\/users\/1"}],"replies":[{"embeddable":true,"href":"https:\/\/www.autofficinalorenzoni.it\/index.php\/wp-json\/wp\/v2\/comments?post=476"}],"version-history":[{"count":2,"href":"https:\/\/www.autofficinalorenzoni.it\/index.php\/wp-json\/wp\/v2\/pages\/476\/revisions"}],"predecessor-version":[{"id":493,"href":"https:\/\/www.autofficinalorenzoni.it\/index.php\/wp-json\/wp\/v2\/pages\/476\/revisions\/493"}],"up":[{"embeddable":true,"href":"https:\/\/www.autofficinalorenzoni.it\/index.php\/wp-json\/wp\/v2\/pages\/176"}],"wp:attachment":[{"href":"https:\/\/www.autofficinalorenzoni.it\/index.php\/wp-json\/wp\/v2\/media?parent=476"}],"curies":[{"name":"wp","href":"https:\/\/api.w.org\/{rel}","templated":true}]}}