{"id":296,"date":"2014-06-19T11:27:04","date_gmt":"2014-06-19T09:27:04","guid":{"rendered":"http:\/\/www.autofficinalorenzoni.it\/?page_id=296"},"modified":"2014-06-19T16:51:48","modified_gmt":"2014-06-19T14:51:48","slug":"pneumatico-invernale","status":"publish","type":"page","link":"https:\/\/www.autofficinalorenzoni.it\/index.php\/pneumatico-invernale\/","title":{"rendered":"Pneumatico invernale"},"content":{"rendered":"<div class=\"content-container\">\n<h4><a href=\"http:\/\/www.autofficinalorenzoni.it\/wp-content\/uploads\/2014\/06\/pneumatici-invernali.jpg\"><img loading=\"lazy\" class=\"aligncenter wp-image-337 size-full\" src=\"http:\/\/www.autofficinalorenzoni.it\/wp-content\/uploads\/2014\/06\/pneumatici-invernali.jpg\" alt=\"pneumatici-invernali\" width=\"600\" height=\"300\" srcset=\"https:\/\/www.autofficinalorenzoni.it\/wp-content\/uploads\/2014\/06\/pneumatici-invernali.jpg 600w, https:\/\/www.autofficinalorenzoni.it\/wp-content\/uploads\/2014\/06\/pneumatici-invernali-300x150.jpg 300w\" sizes=\"(max-width: 600px) 100vw, 600px\" \/><\/a>Ordinanze, normative e tecnologie<\/h4>\n<h4><b>Caratteristiche tecniche:<\/b><\/h4>\n<\/div>\n<div class=\"content-container\">\n<p style=\"text-align: justify;\">Sono contraddistinti da disegni e mescole del battistrada particolarmente adatti a conferire trattivit\u00e0 e tenuta\u00a0su fondo stradale bagnato, innevato o reso scivoloso da pioggia mista a neve o fango. Comunemente presentano sul fianco anche la marcatura M+S (oppure MS, M-S, o ancora M&amp;S), ovvero Mud and Snow (fango e neve). Le principali caratteristiche richieste ad un pneumatico invernale sono: maneggevolezza sull&#8217;asciutto, sicurezza sul bagnato, massima aderenza e tenuta della frenata in condizioni ambientali estreme (ghiaccio, neve e basse temperature). Numerosi test dimostrano l\u2019utilit\u00e0 e l\u2019efficacia dei pneumatici invernali: ad esempio, montando un treno di gomme invernali con temperature inferiori a +10 gradi centigradi, lo spazio di frenata \u00e8 pi\u00f9 corto, aumenta la tenuta laterale e ne guadagna la trazione.<\/p>\n<\/div>\n<div class=\"content-container\">\n<p style=\"text-align: justify;\"><strong>Mescola:<\/strong> Le mescole degli pneumatici invernali, dette anche termiche, sono composte da silice e da particolari polimeri che mantengono inalterate le caratteristiche del pneumatico anche a basse temperature. Il nuovo tipo di mescola al silice con tecnologia &#8220;Zeruma&#8221;<\/p>\n<p style=\"text-align: justify;\"><strong>Lamelle:<\/strong> Le lamelle sono scolpiture di larghezza ridotta, generalmente ad andamento frastagliato o comunque finemente suddiviso, presenti sul battistrada. Lo scopo \u00e8 di migliorare le doti di tenuta e di aderenza, specie sui fondi stradali bagnati, nevosi o ghiacciati, dove le lamelle contribuiscono ad evitare il cosiddetto effetto di aquaplaning viscoso, garantiscono una corretta trazione ed aiutano in caso di frenata. Le lamelle conferiscono al pneumatico una maggiore elasticit\u00e0 del battistrada e un conseguente maggior comfort di guida.<\/p>\n<div class=\"content-container\">\n<p><b>Ordinanze:<\/b><\/p>\n<\/div>\n<div class=\"content-container\">\n<p>Secondo quanto disposto dal Ministero dei Trasporti, in base al <b>Protocollo RU \\ 1580 &#8211; 16.01.2013<\/b>, viene unificata a livello nazionale la precedente legge relativa alle ordinanze sulla circolazione stradale durante il perdiodo invernale e in caso di emergenza neve.<\/p>\n<\/div>\n<div class=\"content-container\">\n<p><b>Normative:<\/b><\/p>\n<\/div>\n<div class=\"content-container\">\n<p><b><a href=\"http:\/\/www.yokohama-online.com\/content\/download\/9857\/166349\/version\/1\/file\/Direttiva+92%3A23+CEE.pdf\" target=\"_self\">Direttiva 92\/23\/CEE del Consiglio del 31 marzo 1992 relativa ai pneumatici dei veicoli a motore e dei loro rimorchi nonch\u00e9 al loro montaggio<\/a><\/b><\/p>\n<\/div>\n<div class=\"content-container\">\n<p><a href=\"http:\/\/www.yokohama-online.com\/content\/download\/9856\/166342\/version\/1\/file\/Direttiva+1580+16.1.13.pdf\" target=\"_self\"><b>Protocollo RU \\ 1580 &#8211; 16.01.2013<\/b><\/a><\/p>\n<\/div>\n<div class=\"content-container\">\n<p><a href=\"http:\/\/www.yokohama-online.com\/content\/download\/8216\/125304\/version\/1\/file\/circolare_104_95.pdf\" target=\"_self\"><b>Circolare ministeriale 104\/95<\/b><\/a><\/p>\n<\/div>\n<div class=\"content-container\">\n<p>I pneumatici idonei alla marcia su neve contraddistinti dalla marcatura M+S (oppure MS, M-S, ovvero M&amp;S) montati sul veicolo devono essere marcati con un simbolo della categoria di velocit\u00e0 non inferiore a Q\u201d (corrispondente a 160 km\/h). In tal caso il conducente, come norma di comportamento, deve rispettare i limiti pi\u00f9 restrittivi eventualmente imposti dalla velocit\u00e0 massima ammessa per il pneumatico (prescritta da targhetta monitoria all\u2019interno del veicolo). Ad esempio: la prescrizione 195\/65R 15 91H del documento di circolazione deve ritenersi soddisfatta quando la vettura \u00e8 equipaggiata con pneumatici di tipo invernale (M+S) recanti marcature del tipo: 195\/65R 15 91Q M+S.<\/p>\n<\/div>\n<div class=\"content-container\">\n<p>Ne consegue che:<\/p>\n<\/div>\n<div class=\"content-container\">\n<p>&#8211; l\u2019utenza pu\u00f2 quindi scegliere, nell\u2019ambito di tale normativa e a parit\u00e0 di misura omologata, l\u2019equipaggiamento invernale pi\u00f9 rispondente alle proprie esigenze, indipendentemente dal simbolo della categoria o classe di velocit\u00e0 riportato sulla carta di circolazione della vettura. &#8211; diviene altres\u00ec necessario apporre all\u2019interno della vettura ben visibile dal conducente, un\u2019indicazione che ricorda la velocit\u00e0 massima d\u2019impiego alla quale possono essere utilizzati i pneumatici effettivamente equipaggianti la vettura.<\/p>\n<\/div>\n<div class=\"content-container\">\n<p><a href=\"http:\/\/www.yokohama-online.com\/content\/download\/8215\/125300\/version\/1\/file\/Circolare_335-M361.pdf\" target=\"_self\"><b>Circolare ministeriale Direzione generale per la Motorizzazione Prot. N. 335M361, 30-9-2004 <\/b><\/a><\/p>\n<\/div>\n<\/div>\n","protected":false},"excerpt":{"rendered":"<p>Ordinanze, normative e tecnologie Caratteristiche tecniche: Sono contraddistinti da disegni e mescole del battistrada particolarmente adatti a conferire trattivit\u00e0 e tenuta\u00a0su fondo stradale bagnato, innevato o reso scivoloso da pioggia mista a neve o fango. Comunemente presentano sul fianco anche <a class=\"more-link\" href=\"https:\/\/www.autofficinalorenzoni.it\/index.php\/pneumatico-invernale\/\">Continua a leggere  <span class=\"screen-reader-text\">  Pneumatico invernale<\/span><span class=\"meta-nav\">&rarr;<\/span><\/a><\/p>\n","protected":false},"author":1,"featured_media":0,"parent":0,"menu_order":0,"comment_status":"open","ping_status":"open","template":"","meta":[],"_links":{"self":[{"href":"https:\/\/www.autofficinalorenzoni.it\/index.php\/wp-json\/wp\/v2\/pages\/296"}],"collection":[{"href":"https:\/\/www.autofficinalorenzoni.it\/index.php\/wp-json\/wp\/v2\/pages"}],"about":[{"href":"https:\/\/www.autofficinalorenzoni.it\/index.php\/wp-json\/wp\/v2\/types\/page"}],"author":[{"embeddable":true,"href":"https:\/\/www.autofficinalorenzoni.it\/index.php\/wp-json\/wp\/v2\/users\/1"}],"replies":[{"embeddable":true,"href":"https:\/\/www.autofficinalorenzoni.it\/index.php\/wp-json\/wp\/v2\/comments?post=296"}],"version-history":[{"count":12,"href":"https:\/\/www.autofficinalorenzoni.it\/index.php\/wp-json\/wp\/v2\/pages\/296\/revisions"}],"predecessor-version":[{"id":344,"href":"https:\/\/www.autofficinalorenzoni.it\/index.php\/wp-json\/wp\/v2\/pages\/296\/revisions\/344"}],"wp:attachment":[{"href":"https:\/\/www.autofficinalorenzoni.it\/index.php\/wp-json\/wp\/v2\/media?parent=296"}],"curies":[{"name":"wp","href":"https:\/\/api.w.org\/{rel}","templated":true}]}}